{"id":107,"date":"2015-07-21T09:47:23","date_gmt":"2015-07-21T09:47:23","guid":{"rendered":"http:\/\/demo.themegrill.com\/himalayas\/?page_id=107"},"modified":"2021-07-27T14:39:22","modified_gmt":"2021-07-27T11:39:22","slug":"kuruyemiscesitleri","status":"publish","type":"page","link":"http:\/\/atakedt.com\/tr\/kuruyemiscesitleri\/","title":{"rendered":"Kuruyemi\u015f \u00c7e\u015fitleri"},"content":{"rendered":"<div id='gallery-1' class='gallery galleryid-107 gallery-columns-4 gallery-size-medium'><figure class='gallery-item'>\n\t\t\t<div class='gallery-icon portrait'>\n\t\t\t\t<a href='http:\/\/atakedt.com\/tr\/wp-content\/uploads\/2020\/09\/B-Antep-F\u0131st\u0131g\u0131.png'><img loading=\"lazy\" decoding=\"async\" width=\"240\" height=\"300\" src=\"http:\/\/atakedt.com\/tr\/wp-content\/uploads\/2020\/09\/B-Antep-F\u0131st\u0131g\u0131-240x300.png\" class=\"attachment-medium size-medium\" alt=\"\" aria-describedby=\"gallery-1-607\" srcset=\"http:\/\/atakedt.com\/tr\/wp-content\/uploads\/2020\/09\/B-Antep-F\u0131st\u0131g\u0131-240x300.png 240w, http:\/\/atakedt.com\/tr\/wp-content\/uploads\/2020\/09\/B-Antep-F\u0131st\u0131g\u0131.png 709w\" sizes=\"auto, (max-width: 240px) 100vw, 240px\" \/><\/a>\n\t\t\t<\/div>\n\t\t\t\t<figcaption class='wp-caption-text gallery-caption' id='gallery-1-607'>\n\t\t\t\tAntep F\u0131st\u0131\u011f\u0131\n\t\t\t\t<\/figcaption><\/figure><figure class='gallery-item'>\n\t\t\t<div class='gallery-icon portrait'>\n\t\t\t\t<a href='http:\/\/atakedt.com\/tr\/wp-content\/uploads\/2020\/09\/B-Badem-ici.png'><img loading=\"lazy\" decoding=\"async\" width=\"240\" height=\"300\" src=\"http:\/\/atakedt.com\/tr\/wp-content\/uploads\/2020\/09\/B-Badem-ici-240x300.png\" class=\"attachment-medium size-medium\" alt=\"\" aria-describedby=\"gallery-1-608\" srcset=\"http:\/\/atakedt.com\/tr\/wp-content\/uploads\/2020\/09\/B-Badem-ici-240x300.png 240w, http:\/\/atakedt.com\/tr\/wp-content\/uploads\/2020\/09\/B-Badem-ici.png 709w\" sizes=\"auto, (max-width: 240px) 100vw, 240px\" \/><\/a>\n\t\t\t<\/div>\n\t\t\t\t<figcaption class='wp-caption-text gallery-caption' id='gallery-1-608'>\n\t\t\t\tBadem Kavrulmu\u015f\n\t\t\t\t<\/figcaption><\/figure><figure class='gallery-item'>\n\t\t\t<div class='gallery-icon portrait'>\n\t\t\t\t<a href='http:\/\/atakedt.com\/tr\/wp-content\/uploads\/2020\/09\/B-F\u0131nd\u0131k-ici.png'><img loading=\"lazy\" decoding=\"async\" width=\"240\" height=\"300\" src=\"http:\/\/atakedt.com\/tr\/wp-content\/uploads\/2020\/09\/B-F\u0131nd\u0131k-ici-240x300.png\" class=\"attachment-medium size-medium\" alt=\"\" aria-describedby=\"gallery-1-609\" srcset=\"http:\/\/atakedt.com\/tr\/wp-content\/uploads\/2020\/09\/B-F\u0131nd\u0131k-ici-240x300.png 240w, http:\/\/atakedt.com\/tr\/wp-content\/uploads\/2020\/09\/B-F\u0131nd\u0131k-ici.png 709w\" sizes=\"auto, (max-width: 240px) 100vw, 240px\" \/><\/a>\n\t\t\t<\/div>\n\t\t\t\t<figcaption class='wp-caption-text gallery-caption' id='gallery-1-609'>\n\t\t\t\tF\u0131nd\u0131k \u0130\u00e7i\n\t\t\t\t<\/figcaption><\/figure><figure class='gallery-item'>\n\t\t\t<div class='gallery-icon portrait'>\n\t\t\t\t<a href='http:\/\/atakedt.com\/tr\/wp-content\/uploads\/2020\/09\/B-Kaju.png'><img loading=\"lazy\" decoding=\"async\" width=\"240\" height=\"300\" src=\"http:\/\/atakedt.com\/tr\/wp-content\/uploads\/2020\/09\/B-Kaju-240x300.png\" class=\"attachment-medium size-medium\" alt=\"\" aria-describedby=\"gallery-1-610\" srcset=\"http:\/\/atakedt.com\/tr\/wp-content\/uploads\/2020\/09\/B-Kaju-240x300.png 240w, http:\/\/atakedt.com\/tr\/wp-content\/uploads\/2020\/09\/B-Kaju.png 709w\" sizes=\"auto, (max-width: 240px) 100vw, 240px\" \/><\/a>\n\t\t\t<\/div>\n\t\t\t\t<figcaption class='wp-caption-text gallery-caption' id='gallery-1-610'>\n\t\t\t\tKaju\n\t\t\t\t<\/figcaption><\/figure><figure class='gallery-item'>\n\t\t\t<div class='gallery-icon portrait'>\n\t\t\t\t<a href='http:\/\/atakedt.com\/tr\/wp-content\/uploads\/2020\/09\/B-Tuzlu-F\u0131st\u0131k.png'><img loading=\"lazy\" decoding=\"async\" width=\"240\" height=\"300\" src=\"http:\/\/atakedt.com\/tr\/wp-content\/uploads\/2020\/09\/B-Tuzlu-F\u0131st\u0131k-240x300.png\" class=\"attachment-medium size-medium\" alt=\"\" aria-describedby=\"gallery-1-611\" srcset=\"http:\/\/atakedt.com\/tr\/wp-content\/uploads\/2020\/09\/B-Tuzlu-F\u0131st\u0131k-240x300.png 240w, http:\/\/atakedt.com\/tr\/wp-content\/uploads\/2020\/09\/B-Tuzlu-F\u0131st\u0131k.png 709w\" sizes=\"auto, (max-width: 240px) 100vw, 240px\" \/><\/a>\n\t\t\t<\/div>\n\t\t\t\t<figcaption class='wp-caption-text gallery-caption' id='gallery-1-611'>\n\t\t\t\tTuzlu F\u0131st\u0131k\n\t\t\t\t<\/figcaption><\/figure><figure class='gallery-item'>\n\t\t\t<div class='gallery-icon portrait'>\n\t\t\t\t<a href='http:\/\/atakedt.com\/tr\/wp-content\/uploads\/2020\/09\/B-Kar\u0131s\u0131k-Kuruyemis.png'><img loading=\"lazy\" decoding=\"async\" width=\"240\" height=\"300\" src=\"http:\/\/atakedt.com\/tr\/wp-content\/uploads\/2020\/09\/B-Kar\u0131s\u0131k-Kuruyemis-240x300.png\" class=\"attachment-medium size-medium\" alt=\"\" aria-describedby=\"gallery-1-612\" srcset=\"http:\/\/atakedt.com\/tr\/wp-content\/uploads\/2020\/09\/B-Kar\u0131s\u0131k-Kuruyemis-240x300.png 240w, http:\/\/atakedt.com\/tr\/wp-content\/uploads\/2020\/09\/B-Kar\u0131s\u0131k-Kuruyemis.png 709w\" sizes=\"auto, (max-width: 240px) 100vw, 240px\" \/><\/a>\n\t\t\t<\/div>\n\t\t\t\t<figcaption class='wp-caption-text gallery-caption' id='gallery-1-612'>\n\t\t\t\tKar\u0131\u015f\u0131k Kuruyemi\u015f\n\t\t\t\t<\/figcaption><\/figure><figure class='gallery-item'>\n\t\t\t<div class='gallery-icon portrait'>\n\t\t\t\t<a href='http:\/\/atakedt.com\/tr\/wp-content\/uploads\/2020\/09\/B-Kar\u0131\u015f\u0131k-L\u00fcks.png'><img loading=\"lazy\" decoding=\"async\" width=\"240\" height=\"300\" src=\"http:\/\/atakedt.com\/tr\/wp-content\/uploads\/2020\/09\/B-Kar\u0131\u015f\u0131k-L\u00fcks-240x300.png\" class=\"attachment-medium size-medium\" alt=\"\" aria-describedby=\"gallery-1-613\" srcset=\"http:\/\/atakedt.com\/tr\/wp-content\/uploads\/2020\/09\/B-Kar\u0131\u015f\u0131k-L\u00fcks-240x300.png 240w, http:\/\/atakedt.com\/tr\/wp-content\/uploads\/2020\/09\/B-Kar\u0131\u015f\u0131k-L\u00fcks.png 709w\" sizes=\"auto, (max-width: 240px) 100vw, 240px\" \/><\/a>\n\t\t\t<\/div>\n\t\t\t\t<figcaption class='wp-caption-text gallery-caption' id='gallery-1-613'>\n\t\t\t\tKar\u0131\u015f\u0131k L\u00fcks\n\t\t\t\t<\/figcaption><\/figure><figure class='gallery-item'>\n\t\t\t<div class='gallery-icon portrait'>\n\t\t\t\t<a href='http:\/\/atakedt.com\/tr\/wp-content\/uploads\/2020\/09\/B-Sar\u0131-Leblebi.png'><img loading=\"lazy\" decoding=\"async\" width=\"240\" height=\"300\" src=\"http:\/\/atakedt.com\/tr\/wp-content\/uploads\/2020\/09\/B-Sar\u0131-Leblebi-240x300.png\" class=\"attachment-medium size-medium\" alt=\"\" aria-describedby=\"gallery-1-621\" srcset=\"http:\/\/atakedt.com\/tr\/wp-content\/uploads\/2020\/09\/B-Sar\u0131-Leblebi-240x300.png 240w, http:\/\/atakedt.com\/tr\/wp-content\/uploads\/2020\/09\/B-Sar\u0131-Leblebi.png 709w\" sizes=\"auto, (max-width: 240px) 100vw, 240px\" \/><\/a>\n\t\t\t<\/div>\n\t\t\t\t<figcaption class='wp-caption-text gallery-caption' id='gallery-1-621'>\n\t\t\t\tSar\u0131 Leblebi\n\t\t\t\t<\/figcaption><\/figure><figure class='gallery-item'>\n\t\t\t<div class='gallery-icon portrait'>\n\t\t\t\t<a href='http:\/\/atakedt.com\/tr\/wp-content\/uploads\/2020\/09\/B-Cig-Kar\u0131\u015f\u0131k.png'><img loading=\"lazy\" decoding=\"async\" width=\"240\" height=\"300\" src=\"http:\/\/atakedt.com\/tr\/wp-content\/uploads\/2020\/09\/B-Cig-Kar\u0131\u015f\u0131k-240x300.png\" class=\"attachment-medium size-medium\" alt=\"\" aria-describedby=\"gallery-1-614\" srcset=\"http:\/\/atakedt.com\/tr\/wp-content\/uploads\/2020\/09\/B-Cig-Kar\u0131\u015f\u0131k-240x300.png 240w, http:\/\/atakedt.com\/tr\/wp-content\/uploads\/2020\/09\/B-Cig-Kar\u0131\u015f\u0131k.png 709w\" sizes=\"auto, (max-width: 240px) 100vw, 240px\" \/><\/a>\n\t\t\t<\/div>\n\t\t\t\t<figcaption class='wp-caption-text gallery-caption' id='gallery-1-614'>\n\t\t\t\t\u00c7i\u011f Kar\u0131\u015f\u0131k L\u00fcks\n\t\t\t\t<\/figcaption><\/figure><figure class='gallery-item'>\n\t\t\t<div class='gallery-icon portrait'>\n\t\t\t\t<a href='http:\/\/atakedt.com\/tr\/wp-content\/uploads\/2020\/09\/B-Cig-F\u0131nd\u0131k-ici.png'><img loading=\"lazy\" decoding=\"async\" width=\"240\" height=\"300\" src=\"http:\/\/atakedt.com\/tr\/wp-content\/uploads\/2020\/09\/B-Cig-F\u0131nd\u0131k-ici-240x300.png\" class=\"attachment-medium size-medium\" alt=\"\" aria-describedby=\"gallery-1-615\" srcset=\"http:\/\/atakedt.com\/tr\/wp-content\/uploads\/2020\/09\/B-Cig-F\u0131nd\u0131k-ici-240x300.png 240w, http:\/\/atakedt.com\/tr\/wp-content\/uploads\/2020\/09\/B-Cig-F\u0131nd\u0131k-ici.png 709w\" sizes=\"auto, (max-width: 240px) 100vw, 240px\" \/><\/a>\n\t\t\t<\/div>\n\t\t\t\t<figcaption class='wp-caption-text gallery-caption' id='gallery-1-615'>\n\t\t\t\t\u00c7i\u011f F\u0131nd\u0131k \u0130\u00e7i\n\t\t\t\t<\/figcaption><\/figure><figure class='gallery-item'>\n\t\t\t<div class='gallery-icon portrait'>\n\t\t\t\t<a href='http:\/\/atakedt.com\/tr\/wp-content\/uploads\/2020\/09\/B-Cig-Badem-ici.png'><img loading=\"lazy\" decoding=\"async\" width=\"240\" height=\"300\" src=\"http:\/\/atakedt.com\/tr\/wp-content\/uploads\/2020\/09\/B-Cig-Badem-ici-240x300.png\" class=\"attachment-medium size-medium\" alt=\"\" aria-describedby=\"gallery-1-616\" srcset=\"http:\/\/atakedt.com\/tr\/wp-content\/uploads\/2020\/09\/B-Cig-Badem-ici-240x300.png 240w, http:\/\/atakedt.com\/tr\/wp-content\/uploads\/2020\/09\/B-Cig-Badem-ici.png 709w\" sizes=\"auto, (max-width: 240px) 100vw, 240px\" \/><\/a>\n\t\t\t<\/div>\n\t\t\t\t<figcaption class='wp-caption-text gallery-caption' id='gallery-1-616'>\n\t\t\t\t\u00c7i\u011f Badem \u0130\u00e7i\n\t\t\t\t<\/figcaption><\/figure><figure class='gallery-item'>\n\t\t\t<div class='gallery-icon portrait'>\n\t\t\t\t<a href='http:\/\/atakedt.com\/tr\/wp-content\/uploads\/2020\/09\/B-Kavrulmus-F\u0131st\u0131k.png'><img loading=\"lazy\" decoding=\"async\" width=\"240\" height=\"300\" src=\"http:\/\/atakedt.com\/tr\/wp-content\/uploads\/2020\/09\/B-Kavrulmus-F\u0131st\u0131k-240x300.png\" class=\"attachment-medium size-medium\" alt=\"\" aria-describedby=\"gallery-1-617\" srcset=\"http:\/\/atakedt.com\/tr\/wp-content\/uploads\/2020\/09\/B-Kavrulmus-F\u0131st\u0131k-240x300.png 240w, http:\/\/atakedt.com\/tr\/wp-content\/uploads\/2020\/09\/B-Kavrulmus-F\u0131st\u0131k.png 709w\" sizes=\"auto, (max-width: 240px) 100vw, 240px\" \/><\/a>\n\t\t\t<\/div>\n\t\t\t\t<figcaption class='wp-caption-text gallery-caption' id='gallery-1-617'>\n\t\t\t\tKavrulmu\u015f F\u0131st\u0131k\n\t\t\t\t<\/figcaption><\/figure><figure class='gallery-item'>\n\t\t\t<div class='gallery-icon portrait'>\n\t\t\t\t<a href='http:\/\/atakedt.com\/tr\/wp-content\/uploads\/2020\/09\/B-Siyah-Ay-Cekirdegi.png'><img loading=\"lazy\" decoding=\"async\" width=\"240\" height=\"300\" src=\"http:\/\/atakedt.com\/tr\/wp-content\/uploads\/2020\/09\/B-Siyah-Ay-Cekirdegi-240x300.png\" class=\"attachment-medium size-medium\" alt=\"\" aria-describedby=\"gallery-1-626\" srcset=\"http:\/\/atakedt.com\/tr\/wp-content\/uploads\/2020\/09\/B-Siyah-Ay-Cekirdegi-240x300.png 240w, http:\/\/atakedt.com\/tr\/wp-content\/uploads\/2020\/09\/B-Siyah-Ay-Cekirdegi.png 709w\" sizes=\"auto, (max-width: 240px) 100vw, 240px\" \/><\/a>\n\t\t\t<\/div>\n\t\t\t\t<figcaption class='wp-caption-text gallery-caption' id='gallery-1-626'>\n\t\t\t\tSiyah Ay \u00c7ekirde\u011fi\n\t\t\t\t<\/figcaption><\/figure><figure class='gallery-item'>\n\t\t\t<div class='gallery-icon portrait'>\n\t\t\t\t<a href='http:\/\/atakedt.com\/tr\/wp-content\/uploads\/2020\/09\/B-Ay-\u00c7ekirdegi.png'><img loading=\"lazy\" decoding=\"async\" width=\"240\" height=\"300\" src=\"http:\/\/atakedt.com\/tr\/wp-content\/uploads\/2020\/09\/B-Ay-\u00c7ekirdegi-240x300.png\" class=\"attachment-medium size-medium\" alt=\"\" aria-describedby=\"gallery-1-628\" srcset=\"http:\/\/atakedt.com\/tr\/wp-content\/uploads\/2020\/09\/B-Ay-\u00c7ekirdegi-240x300.png 240w, http:\/\/atakedt.com\/tr\/wp-content\/uploads\/2020\/09\/B-Ay-\u00c7ekirdegi.png 709w\" sizes=\"auto, (max-width: 240px) 100vw, 240px\" \/><\/a>\n\t\t\t<\/div>\n\t\t\t\t<figcaption class='wp-caption-text gallery-caption' id='gallery-1-628'>\n\t\t\t\tTuzsuz Ay \u00c7ekirde\u011fi\n\t\t\t\t<\/figcaption><\/figure><figure class='gallery-item'>\n\t\t\t<div class='gallery-icon portrait'>\n\t\t\t\t<a href='http:\/\/atakedt.com\/tr\/wp-content\/uploads\/2020\/09\/B-Tuzsuz-Ay-\u00c7ekirdegi.png'><img loading=\"lazy\" decoding=\"async\" width=\"240\" height=\"300\" src=\"http:\/\/atakedt.com\/tr\/wp-content\/uploads\/2020\/09\/B-Tuzsuz-Ay-\u00c7ekirdegi-240x300.png\" class=\"attachment-medium size-medium\" alt=\"\" aria-describedby=\"gallery-1-627\" srcset=\"http:\/\/atakedt.com\/tr\/wp-content\/uploads\/2020\/09\/B-Tuzsuz-Ay-\u00c7ekirdegi-240x300.png 240w, http:\/\/atakedt.com\/tr\/wp-content\/uploads\/2020\/09\/B-Tuzsuz-Ay-\u00c7ekirdegi.png 709w\" sizes=\"auto, (max-width: 240px) 100vw, 240px\" \/><\/a>\n\t\t\t<\/div>\n\t\t\t\t<figcaption class='wp-caption-text gallery-caption' id='gallery-1-627'>\n\t\t\t\tTuzlu Ay \u00c7ekirde\u011fi\n\t\t\t\t<\/figcaption><\/figure><figure class='gallery-item'>\n\t\t\t<div class='gallery-icon portrait'>\n\t\t\t\t<a href='http:\/\/atakedt.com\/tr\/wp-content\/uploads\/2020\/09\/B-Kabak-\u00c7ekirde\u011fi.png'><img loading=\"lazy\" decoding=\"async\" width=\"240\" height=\"300\" src=\"http:\/\/atakedt.com\/tr\/wp-content\/uploads\/2020\/09\/B-Kabak-\u00c7ekirde\u011fi-240x300.png\" class=\"attachment-medium size-medium\" alt=\"\" aria-describedby=\"gallery-1-629\" srcset=\"http:\/\/atakedt.com\/tr\/wp-content\/uploads\/2020\/09\/B-Kabak-\u00c7ekirde\u011fi-240x300.png 240w, http:\/\/atakedt.com\/tr\/wp-content\/uploads\/2020\/09\/B-Kabak-\u00c7ekirde\u011fi.png 709w\" sizes=\"auto, (max-width: 240px) 100vw, 240px\" \/><\/a>\n\t\t\t<\/div>\n\t\t\t\t<figcaption class='wp-caption-text gallery-caption' id='gallery-1-629'>\n\t\t\t\tKabak \u00c7ekirde\u011fi\n\t\t\t\t<\/figcaption><\/figure><figure class='gallery-item'>\n\t\t\t<div class='gallery-icon portrait'>\n\t\t\t\t<a href='http:\/\/atakedt.com\/tr\/wp-content\/uploads\/2020\/09\/B-Cok-Soslu.png'><img loading=\"lazy\" decoding=\"async\" width=\"200\" height=\"300\" src=\"http:\/\/atakedt.com\/tr\/wp-content\/uploads\/2020\/09\/B-Cok-Soslu-200x300.png\" class=\"attachment-medium size-medium\" alt=\"\" aria-describedby=\"gallery-1-630\" srcset=\"http:\/\/atakedt.com\/tr\/wp-content\/uploads\/2020\/09\/B-Cok-Soslu-200x300.png 200w, http:\/\/atakedt.com\/tr\/wp-content\/uploads\/2020\/09\/B-Cok-Soslu-683x1024.png 683w, http:\/\/atakedt.com\/tr\/wp-content\/uploads\/2020\/09\/B-Cok-Soslu.png 709w\" sizes=\"auto, (max-width: 200px) 100vw, 200px\" \/><\/a>\n\t\t\t<\/div>\n\t\t\t\t<figcaption class='wp-caption-text gallery-caption' id='gallery-1-630'>\n\t\t\t\t\u00c7oook Soslu\n\t\t\t\t<\/figcaption><\/figure><figure class='gallery-item'>\n\t\t\t<div class='gallery-icon portrait'>\n\t\t\t\t<a href='http:\/\/atakedt.com\/tr\/wp-content\/uploads\/2020\/09\/B-Cok-Soslu-Ac\u0131l\u0131.png'><img loading=\"lazy\" decoding=\"async\" width=\"200\" height=\"300\" src=\"http:\/\/atakedt.com\/tr\/wp-content\/uploads\/2020\/09\/B-Cok-Soslu-Ac\u0131l\u0131-200x300.png\" class=\"attachment-medium size-medium\" alt=\"\" aria-describedby=\"gallery-1-631\" srcset=\"http:\/\/atakedt.com\/tr\/wp-content\/uploads\/2020\/09\/B-Cok-Soslu-Ac\u0131l\u0131-200x300.png 200w, http:\/\/atakedt.com\/tr\/wp-content\/uploads\/2020\/09\/B-Cok-Soslu-Ac\u0131l\u0131-683x1024.png 683w, http:\/\/atakedt.com\/tr\/wp-content\/uploads\/2020\/09\/B-Cok-Soslu-Ac\u0131l\u0131.png 709w\" sizes=\"auto, (max-width: 200px) 100vw, 200px\" \/><\/a>\n\t\t\t<\/div>\n\t\t\t\t<figcaption class='wp-caption-text gallery-caption' id='gallery-1-631'>\n\t\t\t\t\u00c7oook Soslu Ac\u0131l\u0131\n\t\t\t\t<\/figcaption><\/figure>\n\t\t<\/div>\n\n\n\n<p class=\"has-text-align-center\">Kuruyemi\u015f \u00e7e\u015fitlerimiz 50Gr , 150Gr, 1000Gr paketler halindedir.<\/p>\n","protected":false},"excerpt":{"rendered":"<p>Kuruyemi\u015f \u00e7e\u015fitlerimiz 50Gr , 150Gr, 1000Gr paketler halindedir.<\/p>\n","protected":false},"author":5,"featured_media":442,"parent":0,"menu_order":0,"comment_status":"closed","ping_status":"open","template":"page-templates\/template-team.php","meta":{"footnotes":""},"class_list":["post-107","page","type-page","status-publish","has-post-thumbnail","hentry"],"_links":{"self":[{"href":"http:\/\/atakedt.com\/tr\/wp-json\/wp\/v2\/pages\/107","targetHints":{"allow":["GET"]}}],"collection":[{"href":"http:\/\/atakedt.com\/tr\/wp-json\/wp\/v2\/pages"}],"about":[{"href":"http:\/\/atakedt.com\/tr\/wp-json\/wp\/v2\/types\/page"}],"author":[{"embeddable":true,"href":"http:\/\/atakedt.com\/tr\/wp-json\/wp\/v2\/users\/5"}],"replies":[{"embeddable":true,"href":"http:\/\/atakedt.com\/tr\/wp-json\/wp\/v2\/comments?post=107"}],"version-history":[{"count":40,"href":"http:\/\/atakedt.com\/tr\/wp-json\/wp\/v2\/pages\/107\/revisions"}],"predecessor-version":[{"id":632,"href":"http:\/\/atakedt.com\/tr\/wp-json\/wp\/v2\/pages\/107\/revisions\/632"}],"wp:featuredmedia":[{"embeddable":true,"href":"http:\/\/atakedt.com\/tr\/wp-json\/wp\/v2\/media\/442"}],"wp:attachment":[{"href":"http:\/\/atakedt.com\/tr\/wp-json\/wp\/v2\/media?parent=107"}],"curies":[{"name":"wp","href":"https:\/\/api.w.org\/{rel}","templated":true}]}}