{"id":108,"date":"2015-07-21T09:47:12","date_gmt":"2015-07-21T09:47:12","guid":{"rendered":"http:\/\/demo.themegrill.com\/himalayas\/?page_id=108"},"modified":"2020-08-28T09:09:42","modified_gmt":"2020-08-28T06:09:42","slug":"cesitliimalaturunler","status":"publish","type":"page","link":"http:\/\/atakedt.com\/tr\/cesitliimalaturunler\/","title":{"rendered":"HORECA (\u0130malat \u00dcr\u00fcnler)"},"content":{"rendered":"<div id='gallery-1' class='gallery galleryid-108 gallery-columns-4 gallery-size-medium'><figure class='gallery-item'>\n\t\t\t<div class='gallery-icon landscape'>\n\t\t\t\t<a href='http:\/\/atakedt.com\/tr\/cesitliimalaturunler\/antep-fistigi-ici\/'><img loading=\"lazy\" decoding=\"async\" width=\"300\" height=\"300\" src=\"http:\/\/atakedt.com\/tr\/wp-content\/uploads\/2019\/09\/antep-f\u0131st\u0131\u011f\u0131-i\u00e7i-300x300.png\" class=\"attachment-medium size-medium\" alt=\"\" aria-describedby=\"gallery-1-414\" srcset=\"http:\/\/atakedt.com\/tr\/wp-content\/uploads\/2019\/09\/antep-f\u0131st\u0131\u011f\u0131-i\u00e7i-300x300.png 300w, http:\/\/atakedt.com\/tr\/wp-content\/uploads\/2019\/09\/antep-f\u0131st\u0131\u011f\u0131-i\u00e7i-100x100.png 100w, http:\/\/atakedt.com\/tr\/wp-content\/uploads\/2019\/09\/antep-f\u0131st\u0131\u011f\u0131-i\u00e7i-600x600.png 600w, http:\/\/atakedt.com\/tr\/wp-content\/uploads\/2019\/09\/antep-f\u0131st\u0131\u011f\u0131-i\u00e7i-150x150.png 150w, http:\/\/atakedt.com\/tr\/wp-content\/uploads\/2019\/09\/antep-f\u0131st\u0131\u011f\u0131-i\u00e7i-768x768.png 768w, http:\/\/atakedt.com\/tr\/wp-content\/uploads\/2019\/09\/antep-f\u0131st\u0131\u011f\u0131-i\u00e7i.png 1000w\" sizes=\"auto, (max-width: 300px) 100vw, 300px\" \/><\/a>\n\t\t\t<\/div>\n\t\t\t\t<figcaption class='wp-caption-text gallery-caption' id='gallery-1-414'>\n\t\t\t\tAntep F\u0131st\u0131k \u0130\u00e7i\n\t\t\t\t<\/figcaption><\/figure><figure class='gallery-item'>\n\t\t\t<div class='gallery-icon landscape'>\n\t\t\t\t<a href='http:\/\/atakedt.com\/tr\/cesitliimalaturunler\/antepfistigi-file\/'><img loading=\"lazy\" decoding=\"async\" width=\"300\" height=\"300\" src=\"http:\/\/atakedt.com\/tr\/wp-content\/uploads\/2019\/09\/antepf\u0131st\u0131\u011f\u0131-file-300x300.png\" class=\"attachment-medium size-medium\" alt=\"\" aria-describedby=\"gallery-1-415\" srcset=\"http:\/\/atakedt.com\/tr\/wp-content\/uploads\/2019\/09\/antepf\u0131st\u0131\u011f\u0131-file-300x300.png 300w, http:\/\/atakedt.com\/tr\/wp-content\/uploads\/2019\/09\/antepf\u0131st\u0131\u011f\u0131-file-100x100.png 100w, http:\/\/atakedt.com\/tr\/wp-content\/uploads\/2019\/09\/antepf\u0131st\u0131\u011f\u0131-file-600x600.png 600w, http:\/\/atakedt.com\/tr\/wp-content\/uploads\/2019\/09\/antepf\u0131st\u0131\u011f\u0131-file-150x150.png 150w, http:\/\/atakedt.com\/tr\/wp-content\/uploads\/2019\/09\/antepf\u0131st\u0131\u011f\u0131-file-768x768.png 768w, http:\/\/atakedt.com\/tr\/wp-content\/uploads\/2019\/09\/antepf\u0131st\u0131\u011f\u0131-file.png 1000w\" sizes=\"auto, (max-width: 300px) 100vw, 300px\" \/><\/a>\n\t\t\t<\/div>\n\t\t\t\t<figcaption class='wp-caption-text gallery-caption' id='gallery-1-415'>\n\t\t\t\tAntep F\u0131st\u0131k File\n\t\t\t\t<\/figcaption><\/figure><figure class='gallery-item'>\n\t\t\t<div class='gallery-icon landscape'>\n\t\t\t\t<a href='http:\/\/atakedt.com\/tr\/cesitliimalaturunler\/pirinc-antepfistigi\/'><img loading=\"lazy\" decoding=\"async\" width=\"300\" height=\"300\" src=\"http:\/\/atakedt.com\/tr\/wp-content\/uploads\/2019\/09\/Pirin\u00e7-antepf\u0131st\u0131\u011f\u0131-300x300.png\" class=\"attachment-medium size-medium\" alt=\"\" aria-describedby=\"gallery-1-417\" srcset=\"http:\/\/atakedt.com\/tr\/wp-content\/uploads\/2019\/09\/Pirin\u00e7-antepf\u0131st\u0131\u011f\u0131-300x300.png 300w, http:\/\/atakedt.com\/tr\/wp-content\/uploads\/2019\/09\/Pirin\u00e7-antepf\u0131st\u0131\u011f\u0131-100x100.png 100w, http:\/\/atakedt.com\/tr\/wp-content\/uploads\/2019\/09\/Pirin\u00e7-antepf\u0131st\u0131\u011f\u0131-600x600.png 600w, http:\/\/atakedt.com\/tr\/wp-content\/uploads\/2019\/09\/Pirin\u00e7-antepf\u0131st\u0131\u011f\u0131-150x150.png 150w, http:\/\/atakedt.com\/tr\/wp-content\/uploads\/2019\/09\/Pirin\u00e7-antepf\u0131st\u0131\u011f\u0131-768x768.png 768w, http:\/\/atakedt.com\/tr\/wp-content\/uploads\/2019\/09\/Pirin\u00e7-antepf\u0131st\u0131\u011f\u0131.png 1000w\" sizes=\"auto, (max-width: 300px) 100vw, 300px\" \/><\/a>\n\t\t\t<\/div>\n\t\t\t\t<figcaption class='wp-caption-text gallery-caption' id='gallery-1-417'>\n\t\t\t\tAntep F\u0131st\u0131k Pirin\u00e7\n\t\t\t\t<\/figcaption><\/figure><figure class='gallery-item'>\n\t\t\t<div class='gallery-icon landscape'>\n\t\t\t\t<a href='http:\/\/atakedt.com\/tr\/cesitliimalaturunler\/toz-antepfistigi\/'><img loading=\"lazy\" decoding=\"async\" width=\"300\" height=\"300\" src=\"http:\/\/atakedt.com\/tr\/wp-content\/uploads\/2019\/09\/Toz-antepf\u0131st\u0131\u011f\u0131-300x300.png\" class=\"attachment-medium size-medium\" alt=\"\" aria-describedby=\"gallery-1-418\" srcset=\"http:\/\/atakedt.com\/tr\/wp-content\/uploads\/2019\/09\/Toz-antepf\u0131st\u0131\u011f\u0131-300x300.png 300w, http:\/\/atakedt.com\/tr\/wp-content\/uploads\/2019\/09\/Toz-antepf\u0131st\u0131\u011f\u0131-100x100.png 100w, http:\/\/atakedt.com\/tr\/wp-content\/uploads\/2019\/09\/Toz-antepf\u0131st\u0131\u011f\u0131-600x600.png 600w, http:\/\/atakedt.com\/tr\/wp-content\/uploads\/2019\/09\/Toz-antepf\u0131st\u0131\u011f\u0131-150x150.png 150w, http:\/\/atakedt.com\/tr\/wp-content\/uploads\/2019\/09\/Toz-antepf\u0131st\u0131\u011f\u0131-768x768.png 768w, http:\/\/atakedt.com\/tr\/wp-content\/uploads\/2019\/09\/Toz-antepf\u0131st\u0131\u011f\u0131.png 1000w\" sizes=\"auto, (max-width: 300px) 100vw, 300px\" \/><\/a>\n\t\t\t<\/div>\n\t\t\t\t<figcaption class='wp-caption-text gallery-caption' id='gallery-1-418'>\n\t\t\t\tAntep F\u0131st\u0131k Toz\n\t\t\t\t<\/figcaption><\/figure><figure class='gallery-item'>\n\t\t\t<div class='gallery-icon landscape'>\n\t\t\t\t<a href='http:\/\/atakedt.com\/tr\/cesitliimalaturunler\/badem-beyaz-soyulmus\/'><img loading=\"lazy\" decoding=\"async\" width=\"300\" height=\"300\" src=\"http:\/\/atakedt.com\/tr\/wp-content\/uploads\/2019\/09\/Badem-Beyaz-Soyulmu\u015f-300x300.png\" class=\"attachment-medium size-medium\" alt=\"\" aria-describedby=\"gallery-1-460\" srcset=\"http:\/\/atakedt.com\/tr\/wp-content\/uploads\/2019\/09\/Badem-Beyaz-Soyulmu\u015f-300x300.png 300w, http:\/\/atakedt.com\/tr\/wp-content\/uploads\/2019\/09\/Badem-Beyaz-Soyulmu\u015f-100x100.png 100w, http:\/\/atakedt.com\/tr\/wp-content\/uploads\/2019\/09\/Badem-Beyaz-Soyulmu\u015f-600x600.png 600w, http:\/\/atakedt.com\/tr\/wp-content\/uploads\/2019\/09\/Badem-Beyaz-Soyulmu\u015f-150x150.png 150w, http:\/\/atakedt.com\/tr\/wp-content\/uploads\/2019\/09\/Badem-Beyaz-Soyulmu\u015f-768x768.png 768w, http:\/\/atakedt.com\/tr\/wp-content\/uploads\/2019\/09\/Badem-Beyaz-Soyulmu\u015f.png 1000w\" sizes=\"auto, (max-width: 300px) 100vw, 300px\" \/><\/a>\n\t\t\t<\/div>\n\t\t\t\t<figcaption class='wp-caption-text gallery-caption' id='gallery-1-460'>\n\t\t\t\tBadem Beyaz Soyulmu\u015f\n\t\t\t\t<\/figcaption><\/figure><figure class='gallery-item'>\n\t\t\t<div class='gallery-icon landscape'>\n\t\t\t\t<a href='http:\/\/atakedt.com\/tr\/cesitliimalaturunler\/badem-file\/'><img loading=\"lazy\" decoding=\"async\" width=\"300\" height=\"300\" src=\"http:\/\/atakedt.com\/tr\/wp-content\/uploads\/2019\/09\/Badem-File-300x300.png\" class=\"attachment-medium size-medium\" alt=\"\" aria-describedby=\"gallery-1-461\" srcset=\"http:\/\/atakedt.com\/tr\/wp-content\/uploads\/2019\/09\/Badem-File-300x300.png 300w, http:\/\/atakedt.com\/tr\/wp-content\/uploads\/2019\/09\/Badem-File-100x100.png 100w, http:\/\/atakedt.com\/tr\/wp-content\/uploads\/2019\/09\/Badem-File-600x600.png 600w, http:\/\/atakedt.com\/tr\/wp-content\/uploads\/2019\/09\/Badem-File-150x150.png 150w, http:\/\/atakedt.com\/tr\/wp-content\/uploads\/2019\/09\/Badem-File-768x768.png 768w, http:\/\/atakedt.com\/tr\/wp-content\/uploads\/2019\/09\/Badem-File.png 1000w\" sizes=\"auto, (max-width: 300px) 100vw, 300px\" \/><\/a>\n\t\t\t<\/div>\n\t\t\t\t<figcaption class='wp-caption-text gallery-caption' id='gallery-1-461'>\n\t\t\t\tBadem File\n\t\t\t\t<\/figcaption><\/figure><figure class='gallery-item'>\n\t\t\t<div class='gallery-icon landscape'>\n\t\t\t\t<a href='http:\/\/atakedt.com\/tr\/cesitliimalaturunler\/badem-pirinc\/'><img loading=\"lazy\" decoding=\"async\" width=\"300\" height=\"300\" src=\"http:\/\/atakedt.com\/tr\/wp-content\/uploads\/2019\/09\/Badem-Pirin\u00e7-300x300.png\" class=\"attachment-medium size-medium\" alt=\"\" aria-describedby=\"gallery-1-462\" srcset=\"http:\/\/atakedt.com\/tr\/wp-content\/uploads\/2019\/09\/Badem-Pirin\u00e7-300x300.png 300w, http:\/\/atakedt.com\/tr\/wp-content\/uploads\/2019\/09\/Badem-Pirin\u00e7-100x100.png 100w, http:\/\/atakedt.com\/tr\/wp-content\/uploads\/2019\/09\/Badem-Pirin\u00e7-600x600.png 600w, http:\/\/atakedt.com\/tr\/wp-content\/uploads\/2019\/09\/Badem-Pirin\u00e7-150x150.png 150w, http:\/\/atakedt.com\/tr\/wp-content\/uploads\/2019\/09\/Badem-Pirin\u00e7-768x768.png 768w, http:\/\/atakedt.com\/tr\/wp-content\/uploads\/2019\/09\/Badem-Pirin\u00e7.png 1000w\" sizes=\"auto, (max-width: 300px) 100vw, 300px\" \/><\/a>\n\t\t\t<\/div>\n\t\t\t\t<figcaption class='wp-caption-text gallery-caption' id='gallery-1-462'>\n\t\t\t\tBadem Pirin\u00e7\n\t\t\t\t<\/figcaption><\/figure><figure class='gallery-item'>\n\t\t\t<div class='gallery-icon landscape'>\n\t\t\t\t<a href='http:\/\/atakedt.com\/tr\/cesitliimalaturunler\/badem-toz\/'><img loading=\"lazy\" decoding=\"async\" width=\"300\" height=\"300\" src=\"http:\/\/atakedt.com\/tr\/wp-content\/uploads\/2019\/09\/Badem-Toz-300x300.png\" class=\"attachment-medium size-medium\" alt=\"\" aria-describedby=\"gallery-1-463\" srcset=\"http:\/\/atakedt.com\/tr\/wp-content\/uploads\/2019\/09\/Badem-Toz-300x300.png 300w, http:\/\/atakedt.com\/tr\/wp-content\/uploads\/2019\/09\/Badem-Toz-100x100.png 100w, http:\/\/atakedt.com\/tr\/wp-content\/uploads\/2019\/09\/Badem-Toz-600x600.png 600w, http:\/\/atakedt.com\/tr\/wp-content\/uploads\/2019\/09\/Badem-Toz-150x150.png 150w, http:\/\/atakedt.com\/tr\/wp-content\/uploads\/2019\/09\/Badem-Toz-768x768.png 768w, http:\/\/atakedt.com\/tr\/wp-content\/uploads\/2019\/09\/Badem-Toz.png 1000w\" sizes=\"auto, (max-width: 300px) 100vw, 300px\" \/><\/a>\n\t\t\t<\/div>\n\t\t\t\t<figcaption class='wp-caption-text gallery-caption' id='gallery-1-463'>\n\t\t\t\tBadem Toz\n\t\t\t\t<\/figcaption><\/figure><figure class='gallery-item'>\n\t\t\t<div class='gallery-icon landscape'>\n\t\t\t\t<a href='http:\/\/atakedt.com\/tr\/cesitliimalaturunler\/ceviz-ici-pirinc\/'><img loading=\"lazy\" decoding=\"async\" width=\"300\" height=\"300\" src=\"http:\/\/atakedt.com\/tr\/wp-content\/uploads\/2019\/09\/Ceviz-i\u00e7i-Pirin\u00e7-300x300.png\" class=\"attachment-medium size-medium\" alt=\"\" aria-describedby=\"gallery-1-464\" srcset=\"http:\/\/atakedt.com\/tr\/wp-content\/uploads\/2019\/09\/Ceviz-i\u00e7i-Pirin\u00e7-300x300.png 300w, http:\/\/atakedt.com\/tr\/wp-content\/uploads\/2019\/09\/Ceviz-i\u00e7i-Pirin\u00e7-100x100.png 100w, http:\/\/atakedt.com\/tr\/wp-content\/uploads\/2019\/09\/Ceviz-i\u00e7i-Pirin\u00e7-600x600.png 600w, http:\/\/atakedt.com\/tr\/wp-content\/uploads\/2019\/09\/Ceviz-i\u00e7i-Pirin\u00e7-150x150.png 150w, http:\/\/atakedt.com\/tr\/wp-content\/uploads\/2019\/09\/Ceviz-i\u00e7i-Pirin\u00e7-768x768.png 768w, http:\/\/atakedt.com\/tr\/wp-content\/uploads\/2019\/09\/Ceviz-i\u00e7i-Pirin\u00e7.png 1000w\" sizes=\"auto, (max-width: 300px) 100vw, 300px\" \/><\/a>\n\t\t\t<\/div>\n\t\t\t\t<figcaption class='wp-caption-text gallery-caption' id='gallery-1-464'>\n\t\t\t\tCeviz \u0130\u00e7i Pirin\u00e7\n\t\t\t\t<\/figcaption><\/figure><figure class='gallery-item'>\n\t\t\t<div class='gallery-icon landscape'>\n\t\t\t\t<a href='http:\/\/atakedt.com\/tr\/cesitliimalaturunler\/ceviz-ici-toz\/'><img loading=\"lazy\" decoding=\"async\" width=\"300\" height=\"300\" src=\"http:\/\/atakedt.com\/tr\/wp-content\/uploads\/2019\/09\/Ceviz-i\u00e7i-Toz-300x300.png\" class=\"attachment-medium size-medium\" alt=\"\" aria-describedby=\"gallery-1-465\" srcset=\"http:\/\/atakedt.com\/tr\/wp-content\/uploads\/2019\/09\/Ceviz-i\u00e7i-Toz-300x300.png 300w, http:\/\/atakedt.com\/tr\/wp-content\/uploads\/2019\/09\/Ceviz-i\u00e7i-Toz-100x100.png 100w, http:\/\/atakedt.com\/tr\/wp-content\/uploads\/2019\/09\/Ceviz-i\u00e7i-Toz-600x600.png 600w, http:\/\/atakedt.com\/tr\/wp-content\/uploads\/2019\/09\/Ceviz-i\u00e7i-Toz-150x150.png 150w, http:\/\/atakedt.com\/tr\/wp-content\/uploads\/2019\/09\/Ceviz-i\u00e7i-Toz-768x768.png 768w, http:\/\/atakedt.com\/tr\/wp-content\/uploads\/2019\/09\/Ceviz-i\u00e7i-Toz.png 1000w\" sizes=\"auto, (max-width: 300px) 100vw, 300px\" \/><\/a>\n\t\t\t<\/div>\n\t\t\t\t<figcaption class='wp-caption-text gallery-caption' id='gallery-1-465'>\n\t\t\t\tCeviz \u0130\u00e7i Toz\n\t\t\t\t<\/figcaption><\/figure><figure class='gallery-item'>\n\t\t\t<div class='gallery-icon landscape'>\n\t\t\t\t<a href='http:\/\/atakedt.com\/tr\/cesitliimalaturunler\/findik-file\/'><img loading=\"lazy\" decoding=\"async\" width=\"300\" height=\"300\" src=\"http:\/\/atakedt.com\/tr\/wp-content\/uploads\/2019\/09\/F\u0131nd\u0131k-File-300x300.png\" class=\"attachment-medium size-medium\" alt=\"\" aria-describedby=\"gallery-1-466\" srcset=\"http:\/\/atakedt.com\/tr\/wp-content\/uploads\/2019\/09\/F\u0131nd\u0131k-File-300x300.png 300w, http:\/\/atakedt.com\/tr\/wp-content\/uploads\/2019\/09\/F\u0131nd\u0131k-File-100x100.png 100w, http:\/\/atakedt.com\/tr\/wp-content\/uploads\/2019\/09\/F\u0131nd\u0131k-File-600x600.png 600w, http:\/\/atakedt.com\/tr\/wp-content\/uploads\/2019\/09\/F\u0131nd\u0131k-File-150x150.png 150w, http:\/\/atakedt.com\/tr\/wp-content\/uploads\/2019\/09\/F\u0131nd\u0131k-File-768x768.png 768w, http:\/\/atakedt.com\/tr\/wp-content\/uploads\/2019\/09\/F\u0131nd\u0131k-File.png 1000w\" sizes=\"auto, (max-width: 300px) 100vw, 300px\" \/><\/a>\n\t\t\t<\/div>\n\t\t\t\t<figcaption class='wp-caption-text gallery-caption' id='gallery-1-466'>\n\t\t\t\tF\u0131nd\u0131k File\n\t\t\t\t<\/figcaption><\/figure><figure class='gallery-item'>\n\t\t\t<div class='gallery-icon landscape'>\n\t\t\t\t<a href='http:\/\/atakedt.com\/tr\/cesitliimalaturunler\/findik-pirinc\/'><img loading=\"lazy\" decoding=\"async\" width=\"300\" height=\"300\" src=\"http:\/\/atakedt.com\/tr\/wp-content\/uploads\/2019\/09\/F\u0131nd\u0131k-Pirin\u00e7-300x300.png\" class=\"attachment-medium size-medium\" alt=\"\" aria-describedby=\"gallery-1-467\" srcset=\"http:\/\/atakedt.com\/tr\/wp-content\/uploads\/2019\/09\/F\u0131nd\u0131k-Pirin\u00e7-300x300.png 300w, http:\/\/atakedt.com\/tr\/wp-content\/uploads\/2019\/09\/F\u0131nd\u0131k-Pirin\u00e7-100x100.png 100w, http:\/\/atakedt.com\/tr\/wp-content\/uploads\/2019\/09\/F\u0131nd\u0131k-Pirin\u00e7-600x600.png 600w, http:\/\/atakedt.com\/tr\/wp-content\/uploads\/2019\/09\/F\u0131nd\u0131k-Pirin\u00e7-150x150.png 150w, http:\/\/atakedt.com\/tr\/wp-content\/uploads\/2019\/09\/F\u0131nd\u0131k-Pirin\u00e7-768x768.png 768w, http:\/\/atakedt.com\/tr\/wp-content\/uploads\/2019\/09\/F\u0131nd\u0131k-Pirin\u00e7.png 1000w\" sizes=\"auto, (max-width: 300px) 100vw, 300px\" \/><\/a>\n\t\t\t<\/div>\n\t\t\t\t<figcaption class='wp-caption-text gallery-caption' id='gallery-1-467'>\n\t\t\t\tF\u0131nd\u0131k Pirin\u00e7\n\t\t\t\t<\/figcaption><\/figure><figure class='gallery-item'>\n\t\t\t<div class='gallery-icon landscape'>\n\t\t\t\t<a href='http:\/\/atakedt.com\/tr\/cesitliimalaturunler\/findik-toz\/'><img loading=\"lazy\" decoding=\"async\" width=\"300\" height=\"300\" src=\"http:\/\/atakedt.com\/tr\/wp-content\/uploads\/2019\/09\/F\u0131nd\u0131k-Toz-300x300.png\" class=\"attachment-medium size-medium\" alt=\"\" aria-describedby=\"gallery-1-468\" srcset=\"http:\/\/atakedt.com\/tr\/wp-content\/uploads\/2019\/09\/F\u0131nd\u0131k-Toz-300x300.png 300w, http:\/\/atakedt.com\/tr\/wp-content\/uploads\/2019\/09\/F\u0131nd\u0131k-Toz-100x100.png 100w, http:\/\/atakedt.com\/tr\/wp-content\/uploads\/2019\/09\/F\u0131nd\u0131k-Toz-600x600.png 600w, http:\/\/atakedt.com\/tr\/wp-content\/uploads\/2019\/09\/F\u0131nd\u0131k-Toz-150x150.png 150w, http:\/\/atakedt.com\/tr\/wp-content\/uploads\/2019\/09\/F\u0131nd\u0131k-Toz-768x768.png 768w, http:\/\/atakedt.com\/tr\/wp-content\/uploads\/2019\/09\/F\u0131nd\u0131k-Toz.png 1000w\" sizes=\"auto, (max-width: 300px) 100vw, 300px\" \/><\/a>\n\t\t\t<\/div>\n\t\t\t\t<figcaption class='wp-caption-text gallery-caption' id='gallery-1-468'>\n\t\t\t\tF\u0131nd\u0131k Toz\n\t\t\t\t<\/figcaption><\/figure><figure class='gallery-item'>\n\t\t\t<div class='gallery-icon landscape'>\n\t\t\t\t<a href='http:\/\/atakedt.com\/tr\/cesitliimalaturunler\/yer-fistik-file\/'><img loading=\"lazy\" decoding=\"async\" width=\"300\" height=\"300\" src=\"http:\/\/atakedt.com\/tr\/wp-content\/uploads\/2019\/09\/Yer-F\u0131st\u0131k-File-300x300.png\" class=\"attachment-medium size-medium\" alt=\"\" aria-describedby=\"gallery-1-471\" srcset=\"http:\/\/atakedt.com\/tr\/wp-content\/uploads\/2019\/09\/Yer-F\u0131st\u0131k-File-300x300.png 300w, http:\/\/atakedt.com\/tr\/wp-content\/uploads\/2019\/09\/Yer-F\u0131st\u0131k-File-100x100.png 100w, http:\/\/atakedt.com\/tr\/wp-content\/uploads\/2019\/09\/Yer-F\u0131st\u0131k-File-600x600.png 600w, http:\/\/atakedt.com\/tr\/wp-content\/uploads\/2019\/09\/Yer-F\u0131st\u0131k-File-150x150.png 150w, http:\/\/atakedt.com\/tr\/wp-content\/uploads\/2019\/09\/Yer-F\u0131st\u0131k-File-768x768.png 768w, http:\/\/atakedt.com\/tr\/wp-content\/uploads\/2019\/09\/Yer-F\u0131st\u0131k-File.png 1000w\" sizes=\"auto, (max-width: 300px) 100vw, 300px\" \/><\/a>\n\t\t\t<\/div>\n\t\t\t\t<figcaption class='wp-caption-text gallery-caption' id='gallery-1-471'>\n\t\t\t\tYer F\u0131st\u0131k File\n\t\t\t\t<\/figcaption><\/figure><figure class='gallery-item'>\n\t\t\t<div class='gallery-icon landscape'>\n\t\t\t\t<a href='http:\/\/atakedt.com\/tr\/cesitliimalaturunler\/yer-fistik-pirinc\/'><img loading=\"lazy\" decoding=\"async\" width=\"300\" height=\"300\" src=\"http:\/\/atakedt.com\/tr\/wp-content\/uploads\/2019\/09\/Yer-F\u0131st\u0131k-Pirin\u00e7-300x300.png\" class=\"attachment-medium size-medium\" alt=\"\" aria-describedby=\"gallery-1-472\" srcset=\"http:\/\/atakedt.com\/tr\/wp-content\/uploads\/2019\/09\/Yer-F\u0131st\u0131k-Pirin\u00e7-300x300.png 300w, http:\/\/atakedt.com\/tr\/wp-content\/uploads\/2019\/09\/Yer-F\u0131st\u0131k-Pirin\u00e7-100x100.png 100w, http:\/\/atakedt.com\/tr\/wp-content\/uploads\/2019\/09\/Yer-F\u0131st\u0131k-Pirin\u00e7-600x600.png 600w, http:\/\/atakedt.com\/tr\/wp-content\/uploads\/2019\/09\/Yer-F\u0131st\u0131k-Pirin\u00e7-150x150.png 150w, http:\/\/atakedt.com\/tr\/wp-content\/uploads\/2019\/09\/Yer-F\u0131st\u0131k-Pirin\u00e7-768x768.png 768w, http:\/\/atakedt.com\/tr\/wp-content\/uploads\/2019\/09\/Yer-F\u0131st\u0131k-Pirin\u00e7.png 1000w\" sizes=\"auto, (max-width: 300px) 100vw, 300px\" \/><\/a>\n\t\t\t<\/div>\n\t\t\t\t<figcaption class='wp-caption-text gallery-caption' id='gallery-1-472'>\n\t\t\t\tYer F\u0131st\u0131k Pirin\u00e7\n\t\t\t\t<\/figcaption><\/figure><figure class='gallery-item'>\n\t\t\t<div class='gallery-icon landscape'>\n\t\t\t\t<a href='http:\/\/atakedt.com\/tr\/cesitliimalaturunler\/yer-fistik-soyulmus\/'><img loading=\"lazy\" decoding=\"async\" width=\"300\" height=\"300\" src=\"http:\/\/atakedt.com\/tr\/wp-content\/uploads\/2019\/09\/Yer-F\u0131st\u0131k-Soyulmu\u015f-300x300.png\" class=\"attachment-medium size-medium\" alt=\"\" aria-describedby=\"gallery-1-473\" srcset=\"http:\/\/atakedt.com\/tr\/wp-content\/uploads\/2019\/09\/Yer-F\u0131st\u0131k-Soyulmu\u015f-300x300.png 300w, http:\/\/atakedt.com\/tr\/wp-content\/uploads\/2019\/09\/Yer-F\u0131st\u0131k-Soyulmu\u015f-100x100.png 100w, http:\/\/atakedt.com\/tr\/wp-content\/uploads\/2019\/09\/Yer-F\u0131st\u0131k-Soyulmu\u015f-600x600.png 600w, http:\/\/atakedt.com\/tr\/wp-content\/uploads\/2019\/09\/Yer-F\u0131st\u0131k-Soyulmu\u015f-150x150.png 150w, http:\/\/atakedt.com\/tr\/wp-content\/uploads\/2019\/09\/Yer-F\u0131st\u0131k-Soyulmu\u015f-768x768.png 768w, http:\/\/atakedt.com\/tr\/wp-content\/uploads\/2019\/09\/Yer-F\u0131st\u0131k-Soyulmu\u015f.png 1000w\" sizes=\"auto, (max-width: 300px) 100vw, 300px\" \/><\/a>\n\t\t\t<\/div>\n\t\t\t\t<figcaption class='wp-caption-text gallery-caption' id='gallery-1-473'>\n\t\t\t\tYer F\u0131st\u0131k Soyulmu\u015f\n\t\t\t\t<\/figcaption><\/figure>\n\t\t<\/div>\n\n","protected":false},"excerpt":{"rendered":"","protected":false},"author":5,"featured_media":442,"parent":0,"menu_order":0,"comment_status":"closed","ping_status":"open","template":"page-templates\/template-team.php","meta":{"footnotes":""},"class_list":["post-108","page","type-page","status-publish","has-post-thumbnail","hentry"],"_links":{"self":[{"href":"http:\/\/atakedt.com\/tr\/wp-json\/wp\/v2\/pages\/108","targetHints":{"allow":["GET"]}}],"collection":[{"href":"http:\/\/atakedt.com\/tr\/wp-json\/wp\/v2\/pages"}],"about":[{"href":"http:\/\/atakedt.com\/tr\/wp-json\/wp\/v2\/types\/page"}],"author":[{"embeddable":true,"href":"http:\/\/atakedt.com\/tr\/wp-json\/wp\/v2\/users\/5"}],"replies":[{"embeddable":true,"href":"http:\/\/atakedt.com\/tr\/wp-json\/wp\/v2\/comments?post=108"}],"version-history":[{"count":10,"href":"http:\/\/atakedt.com\/tr\/wp-json\/wp\/v2\/pages\/108\/revisions"}],"predecessor-version":[{"id":579,"href":"http:\/\/atakedt.com\/tr\/wp-json\/wp\/v2\/pages\/108\/revisions\/579"}],"wp:featuredmedia":[{"embeddable":true,"href":"http:\/\/atakedt.com\/tr\/wp-json\/wp\/v2\/media\/442"}],"wp:attachment":[{"href":"http:\/\/atakedt.com\/tr\/wp-json\/wp\/v2\/media?parent=108"}],"curies":[{"name":"wp","href":"https:\/\/api.w.org\/{rel}","templated":true}]}}