{"id":540,"date":"2020-03-27T14:47:27","date_gmt":"2020-03-27T11:47:27","guid":{"rendered":"http:\/\/atakedt.com\/tr\/anasayfa\/"},"modified":"2020-03-27T14:47:29","modified_gmt":"2020-03-27T11:47:29","slug":"anasayfa","status":"publish","type":"page","link":"http:\/\/atakedt.com\/tr\/","title":{"rendered":"Anasayfa"},"content":{"rendered":"\n\t\t\t<div class=\"wp-block-cover\" style=\"background-image:url(http:\/\/atakedt.com\/tr\/wp-content\/uploads\/2020\/03\/other-small.jpg)\"><div class=\"wp-block-cover__inner-container is-layout-flow wp-block-cover-is-layout-flow\">\n\t\t\t<p class=\"has-text-align-center has-large-font-size\">Ma\u011fazaya ho\u015f geldiniz<\/p>\n\t\t\t\n\n\t\t\t\n\t\t\t<p class=\"has-text-color has-text-align-center\">Buraya k\u0131sa bir kar\u015f\u0131lama mesaj\u0131 yaz\u0131n<\/p>\n\t\t\t\n\n\t\t\t\n\t\t\t<div class=\"wp-block-button aligncenter\"><a class=\"wp-block-button__link\">Al\u0131\u015fveri\u015fe git<\/a><\/div>\n\t\t\t<\/div><\/div>\n\t\t\t\n\t\t\n\t\t<h2 class=\"wp-block-heading\" style=\"text-align:center\">Yeni \u00dcr\u00fcnler<\/h2>\n\t\t\n\n\t\t \n\t\t\t<div class=\"wp-block-media-text alignwide has-media-on-the-right\"\"><figure class=\"wp-block-media-text__media\"><img decoding=\"async\" src=\"http:\/\/atakedt.com\/tr\/wp-content\/uploads\/2020\/03\/other-small.jpg\" alt=\"\" class=\"wp-image-541\"\/><\/figure><div class=\"wp-block-media-text__content\">\n\t\t\t<p class=\"has-large-font-size\"><\/p>\n\t\t\t<\/div><\/div>\n\t\t\t\n\t\t\t<div class=\"wp-block-media-text alignwide\"\"><figure class=\"wp-block-media-text__media\"><img decoding=\"async\" src=\"http:\/\/atakedt.com\/tr\/wp-content\/uploads\/2020\/03\/other-small.jpg\" alt=\"\" class=\"wp-image-541\"\/><\/figure><div class=\"wp-block-media-text__content\">\n\t\t\t<p class=\"has-large-font-size\"><\/p>\n\t\t\t<\/div><\/div>\n\t\t\t\n\t\t\t<div class=\"wp-block-media-text alignwide has-media-on-the-right\"\"><figure class=\"wp-block-media-text__media\"><img decoding=\"async\" src=\"http:\/\/atakedt.com\/tr\/wp-content\/uploads\/2020\/03\/other-small.jpg\" alt=\"\" class=\"wp-image-541\"\/><\/figure><div class=\"wp-block-media-text__content\">\n\t\t\t<p class=\"has-large-font-size\"><\/p>\n\t\t\t<\/div><\/div>\n\t\t\t\n\n\t\t","protected":false},"excerpt":{"rendered":"<p>Yeni \u00dcr\u00fcnler<\/p>\n","protected":false},"author":5,"featured_media":0,"parent":0,"menu_order":0,"comment_status":"closed","ping_status":"closed","template":"","meta":{"footnotes":""},"class_list":["post-540","page","type-page","status-publish","hentry"],"_links":{"self":[{"href":"http:\/\/atakedt.com\/tr\/wp-json\/wp\/v2\/pages\/540","targetHints":{"allow":["GET"]}}],"collection":[{"href":"http:\/\/atakedt.com\/tr\/wp-json\/wp\/v2\/pages"}],"about":[{"href":"http:\/\/atakedt.com\/tr\/wp-json\/wp\/v2\/types\/page"}],"author":[{"embeddable":true,"href":"http:\/\/atakedt.com\/tr\/wp-json\/wp\/v2\/users\/5"}],"replies":[{"embeddable":true,"href":"http:\/\/atakedt.com\/tr\/wp-json\/wp\/v2\/comments?post=540"}],"version-history":[{"count":1,"href":"http:\/\/atakedt.com\/tr\/wp-json\/wp\/v2\/pages\/540\/revisions"}],"predecessor-version":[{"id":542,"href":"http:\/\/atakedt.com\/tr\/wp-json\/wp\/v2\/pages\/540\/revisions\/542"}],"wp:attachment":[{"href":"http:\/\/atakedt.com\/tr\/wp-json\/wp\/v2\/media?parent=540"}],"curies":[{"name":"wp","href":"https:\/\/api.w.org\/{rel}","templated":true}]}}